{"id":289,"date":"2025-08-02T10:50:49","date_gmt":"2025-08-02T08:50:49","guid":{"rendered":"https:\/\/ndanim.fr\/?page_id=289"},"modified":"2025-09-04T21:21:50","modified_gmt":"2025-09-04T19:21:50","slug":"documents","status":"publish","type":"page","link":"https:\/\/ndanim.fr\/index.php\/documents\/","title":{"rendered":"Documents"},"content":{"rendered":"\n<p>Vous trouverez ici les documents n\u00e9cessaires \u00e0 votre inscription.<\/p>\n\n\n\n<div data-wp-interactive=\"core\/file\" class=\"wp-block-file\"><object data-wp-bind--hidden=\"!state.hasPdfPreview\" hidden class=\"wp-block-file__embed\" data=\"https:\/\/ndanim.fr\/wp-content\/uploads\/2025\/08\/PLAQUETTE-Activites-2025-2026-pour-site-1.pdf\" type=\"application\/pdf\" style=\"width:100%;height:600px\" aria-label=\"Contenu embarqu\u00e9 PLAQUETTE Activit\u00e9s 2025-2026 pour site.\"><\/object><a id=\"wp-block-file--media-64d30aca-5a67-4b59-a0f9-f5528861d77e\" href=\"https:\/\/ndanim.fr\/wp-content\/uploads\/2025\/08\/PLAQUETTE-Activites-2025-2026-pour-site-1.pdf\">PLAQUETTE Activit\u00e9s 2025-2026 pour site<\/a><a href=\"https:\/\/ndanim.fr\/wp-content\/uploads\/2025\/08\/PLAQUETTE-Activites-2025-2026-pour-site-1.pdf\" class=\"wp-block-file__button wp-element-button\" download aria-describedby=\"wp-block-file--media-64d30aca-5a67-4b59-a0f9-f5528861d77e\">T\u00e9l\u00e9charger<\/a><\/div>\n\n\n\n<div data-wp-interactive=\"core\/file\" class=\"wp-block-file\"><object data-wp-bind--hidden=\"!state.hasPdfPreview\" hidden class=\"wp-block-file__embed\" data=\"https:\/\/ndanim.fr\/wp-content\/uploads\/2025\/08\/V2-fiche-inscriptions-2025-2026.pdf\" type=\"application\/pdf\" style=\"width:100%;height:600px\" aria-label=\"Contenu embarqu\u00e9 V2 fiche inscriptions 2025-2026.\"><\/object><a id=\"wp-block-file--media-bb17f9d5-bff1-4e9a-966e-6cead9b3d861\" href=\"https:\/\/ndanim.fr\/wp-content\/uploads\/2025\/08\/V2-fiche-inscriptions-2025-2026.pdf\">V2 fiche inscriptions 2025-2026<\/a><a href=\"https:\/\/ndanim.fr\/wp-content\/uploads\/2025\/08\/V2-fiche-inscriptions-2025-2026.pdf\" class=\"wp-block-file__button wp-element-button\" download aria-describedby=\"wp-block-file--media-bb17f9d5-bff1-4e9a-966e-6cead9b3d861\">T\u00e9l\u00e9charger<\/a><\/div>\n\n\n\n<div data-wp-interactive=\"core\/file\" class=\"wp-block-file\"><object data-wp-bind--hidden=\"!state.hasPdfPreview\" hidden class=\"wp-block-file__embed\" data=\"https:\/\/ndanim.fr\/wp-content\/uploads\/2025\/08\/fiche-renseignements-enfants.pdf\" type=\"application\/pdf\" style=\"width:100%;height:600px\" aria-label=\"Contenu embarqu\u00e9 fiche-renseignements-enfants.\"><\/object><a id=\"wp-block-file--media-c341c652-2874-4683-97fb-5c1d20acd818\" href=\"https:\/\/ndanim.fr\/wp-content\/uploads\/2025\/08\/fiche-renseignements-enfants.pdf\">fiche-renseignements-enfants<\/a><a href=\"https:\/\/ndanim.fr\/wp-content\/uploads\/2025\/08\/fiche-renseignements-enfants.pdf\" class=\"wp-block-file__button wp-element-button\" download aria-describedby=\"wp-block-file--media-c341c652-2874-4683-97fb-5c1d20acd818\">T\u00e9l\u00e9charger<\/a><\/div>\n\n\n\n<div data-wp-interactive=\"core\/file\" class=\"wp-block-file\"><object data-wp-bind--hidden=\"!state.hasPdfPreview\" hidden class=\"wp-block-file__embed\" data=\"https:\/\/ndanim.fr\/wp-content\/uploads\/2025\/08\/Samedis-NDanim-2025-2026-2.pdf\" type=\"application\/pdf\" style=\"width:100%;height:600px\" aria-label=\"Contenu embarqu\u00e9 Samedis NDanim 2025 2026.\"><\/object><a id=\"wp-block-file--media-b8f9414f-bd4d-4c9d-a6e7-d35d146f70af\" href=\"https:\/\/ndanim.fr\/wp-content\/uploads\/2025\/08\/Samedis-NDanim-2025-2026-2.pdf\">Samedis NDanim 2025 2026<\/a><a href=\"https:\/\/ndanim.fr\/wp-content\/uploads\/2025\/08\/Samedis-NDanim-2025-2026-2.pdf\" class=\"wp-block-file__button wp-element-button\" download aria-describedby=\"wp-block-file--media-b8f9414f-bd4d-4c9d-a6e7-d35d146f70af\">T\u00e9l\u00e9charger<\/a><\/div>\n\n\n\n<div data-wp-interactive=\"core\/file\" class=\"wp-block-file\"><object data-wp-bind--hidden=\"!state.hasPdfPreview\" hidden class=\"wp-block-file__embed\" data=\"https:\/\/ndanim.fr\/wp-content\/uploads\/2025\/09\/reglement-interieur-complete-v2025.pdf\" type=\"application\/pdf\" style=\"width:100%;height:600px\" aria-label=\"Contenu embarqu\u00e9 r\u00e8glement int\u00e9rieur compl\u00e9t\u00e9 v2025.\"><\/object><a id=\"wp-block-file--media-569f8f6f-449a-41c4-86bf-46502780358b\" href=\"https:\/\/ndanim.fr\/wp-content\/uploads\/2025\/09\/reglement-interieur-complete-v2025.pdf\">r\u00e8glement int\u00e9rieur compl\u00e9t\u00e9 v2025<\/a><a href=\"https:\/\/ndanim.fr\/wp-content\/uploads\/2025\/09\/reglement-interieur-complete-v2025.pdf\" class=\"wp-block-file__button wp-element-button\" download aria-describedby=\"wp-block-file--media-569f8f6f-449a-41c4-86bf-46502780358b\">T\u00e9l\u00e9charger<\/a><\/div>\n","protected":false},"excerpt":{"rendered":"<p>Vous trouverez ici les documents n\u00e9cessaires \u00e0 votre inscription.<\/p>\n","protected":false},"author":1,"featured_media":0,"parent":0,"menu_order":0,"comment_status":"closed","ping_status":"closed","template":"","meta":{"footnotes":""},"class_list":["post-289","page","type-page","status-publish","hentry"],"_links":{"self":[{"href":"https:\/\/ndanim.fr\/index.php\/wp-json\/wp\/v2\/pages\/289","targetHints":{"allow":["GET"]}}],"collection":[{"href":"https:\/\/ndanim.fr\/index.php\/wp-json\/wp\/v2\/pages"}],"about":[{"href":"https:\/\/ndanim.fr\/index.php\/wp-json\/wp\/v2\/types\/page"}],"author":[{"embeddable":true,"href":"https:\/\/ndanim.fr\/index.php\/wp-json\/wp\/v2\/users\/1"}],"replies":[{"embeddable":true,"href":"https:\/\/ndanim.fr\/index.php\/wp-json\/wp\/v2\/comments?post=289"}],"version-history":[{"count":4,"href":"https:\/\/ndanim.fr\/index.php\/wp-json\/wp\/v2\/pages\/289\/revisions"}],"predecessor-version":[{"id":362,"href":"https:\/\/ndanim.fr\/index.php\/wp-json\/wp\/v2\/pages\/289\/revisions\/362"}],"wp:attachment":[{"href":"https:\/\/ndanim.fr\/index.php\/wp-json\/wp\/v2\/media?parent=289"}],"curies":[{"name":"wp","href":"https:\/\/api.w.org\/{rel}","templated":true}]}}